{"id":14,"date":"2024-02-14T19:12:01","date_gmt":"2024-02-14T19:12:01","guid":{"rendered":"https:\/\/sq5ouo.erku.pl\/?page_id=14"},"modified":"2024-02-15T08:46:42","modified_gmt":"2024-02-15T08:46:42","slug":"o-mnie","status":"publish","type":"page","link":"https:\/\/sq5ouo.erku.pl\/index.php\/o-mnie\/","title":{"rendered":"O mnie"},"content":{"rendered":"\n<div class=\"wp-block-columns are-vertically-aligned-top is-layout-flex wp-container-core-columns-is-layout-1 wp-block-columns-is-layout-flex\">\n<div class=\"wp-block-column is-vertically-aligned-top is-layout-flow wp-block-column-is-layout-flow\" style=\"flex-basis:100%\">\n<div class=\"wp-block-media-text has-media-on-the-right is-stacked-on-mobile is-vertically-aligned-top is-style-rounded\" style=\"grid-template-columns:auto 29%\"><div class=\"wp-block-media-text__content\">\n<p class=\"has-text-align-left\">Cze\u015b\u0107. Jestem Rafa\u0142. Pozwolenie radiowe uzyska\u0142em w 2011 roku. Od tego momentu jestem aktywny na falach eteru, z mniejsz\u0105 i wi\u0119ksz\u0105 aktywno\u015bci\u0105. Potrzebowa\u0142em sporo czasu, aby przekona\u0107 si\u0119 co do konkretnej dziedziny kr\u00f3tkofalarstwa w ramach kt\u00f3rej czuj\u0119 si\u0119 dobrze i b\u0119dzie mnie mobilizowa\u0107 do ci\u0105g\u0142ego rozwoju. Tak\u0105 dziedzin\u0105 od zawsze jest DX-ing. Przede wszystkim jest w tym element rywalizacji, ale ponadto element samodoskonalenia my\u015bli in\u017cynierskiej i technicznej. Pomimo braku odpowiedniego wykszta\u0142cenia od 2020 po d\u0142u\u017cszej przerwie, aktywnie zg\u0142\u0119biam wiedz\u0119 w zakresie elektroniki i techniki antenowej.<br>Na mojej stronie znajdziesz informacje dotycz\u0105ce rozwoju mojej stacji, projekt\u00f3w urz\u0105dze\u0144 wykorzystywanych przeze mnie na codzie\u0144 i nowych koncept\u00f3w.<br>Do us\u0142yszenia na pasmach.<br>73&#8217;s Raf SQ5OUO<\/p>\n<\/div><figure class=\"wp-block-media-text__media\"><img loading=\"lazy\" decoding=\"async\" width=\"2560\" height=\"2560\" src=\"https:\/\/sq5ouo.erku.pl\/wp-content\/uploads\/2024\/02\/IMG_20240204_120944_Original-edited-scaled.jpeg\" alt=\"\" class=\"wp-image-19 size-full\" srcset=\"https:\/\/sq5ouo.erku.pl\/wp-content\/uploads\/2024\/02\/IMG_20240204_120944_Original-edited-scaled.jpeg 2560w, https:\/\/sq5ouo.erku.pl\/wp-content\/uploads\/2024\/02\/IMG_20240204_120944_Original-edited-300x300.jpeg 300w, https:\/\/sq5ouo.erku.pl\/wp-content\/uploads\/2024\/02\/IMG_20240204_120944_Original-edited-1024x1024.jpeg 1024w, https:\/\/sq5ouo.erku.pl\/wp-content\/uploads\/2024\/02\/IMG_20240204_120944_Original-edited-150x150.jpeg 150w, https:\/\/sq5ouo.erku.pl\/wp-content\/uploads\/2024\/02\/IMG_20240204_120944_Original-edited-768x768.jpeg 768w, https:\/\/sq5ouo.erku.pl\/wp-content\/uploads\/2024\/02\/IMG_20240204_120944_Original-edited-1536x1536.jpeg 1536w, https:\/\/sq5ouo.erku.pl\/wp-content\/uploads\/2024\/02\/IMG_20240204_120944_Original-edited-2048x2048.jpeg 2048w\" sizes=\"(max-width: 2560px) 100vw, 2560px\" \/><\/figure><\/div>\n<\/div>\n<\/div>\n\n\n\n<p><\/p>\n","protected":false},"excerpt":{"rendered":"<p>Cze\u015b\u0107. Jestem Rafa\u0142. Pozwolenie radiowe uzyska\u0142em w 2011 roku. Od tego momentu jestem aktywny na falach eteru, z mniejsz\u0105 i wi\u0119ksz\u0105 aktywno\u015bci\u0105. Potrzebowa\u0142em sporo czasu, aby przekona\u0107 si\u0119 co do konkretnej dziedziny kr\u00f3tkofalarstwa w ramach kt\u00f3rej czuj\u0119 si\u0119 dobrze i b\u0119dzie mnie mobilizowa\u0107 do ci\u0105g\u0142ego rozwoju. Tak\u0105 dziedzin\u0105 od zawsze jest DX-ing. Przede wszystkim jest [&hellip;]<\/p>\n","protected":false},"author":1,"featured_media":0,"parent":0,"menu_order":0,"comment_status":"closed","ping_status":"closed","template":"","meta":{"_themeisle_gutenberg_block_has_review":false,"footnotes":""},"_links":{"self":[{"href":"https:\/\/sq5ouo.erku.pl\/index.php\/wp-json\/wp\/v2\/pages\/14"}],"collection":[{"href":"https:\/\/sq5ouo.erku.pl\/index.php\/wp-json\/wp\/v2\/pages"}],"about":[{"href":"https:\/\/sq5ouo.erku.pl\/index.php\/wp-json\/wp\/v2\/types\/page"}],"author":[{"embeddable":true,"href":"https:\/\/sq5ouo.erku.pl\/index.php\/wp-json\/wp\/v2\/users\/1"}],"replies":[{"embeddable":true,"href":"https:\/\/sq5ouo.erku.pl\/index.php\/wp-json\/wp\/v2\/comments?post=14"}],"version-history":[{"count":5,"href":"https:\/\/sq5ouo.erku.pl\/index.php\/wp-json\/wp\/v2\/pages\/14\/revisions"}],"predecessor-version":[{"id":24,"href":"https:\/\/sq5ouo.erku.pl\/index.php\/wp-json\/wp\/v2\/pages\/14\/revisions\/24"}],"wp:attachment":[{"href":"https:\/\/sq5ouo.erku.pl\/index.php\/wp-json\/wp\/v2\/media?parent=14"}],"curies":[{"name":"wp","href":"https:\/\/api.w.org\/{rel}","templated":true}]}}